{"id":11,"date":"2021-03-29T08:14:01","date_gmt":"2021-03-29T08:14:01","guid":{"rendered":"https:\/\/fimatex.pt\/?page_id=11"},"modified":"2021-03-29T15:34:54","modified_gmt":"2021-03-29T15:34:54","slug":"pagina-inicial","status":"publish","type":"page","link":"https:\/\/fimatex.pt\/en\/","title":{"rendered":"Home Page"},"content":{"rendered":"<div data-elementor-type=\"wp-page\" data-elementor-id=\"11\" class=\"elementor elementor-11\" data-elementor-settings=\"[]\">\n\t\t\t\t\t\t<div class=\"elementor-inner\">\n\t\t\t\t\t\t\t<div class=\"elementor-section-wrap\">\n\t\t\t\t\t\t\t<section class=\"elementor-section elementor-top-section elementor-element elementor-element-85bb3c3 elementor-section-boxed elementor-section-height-default elementor-section-height-default\" data-id=\"85bb3c3\" data-element_type=\"section\">\n\t\t\t\t\t\t<div class=\"elementor-container elementor-column-gap-default\">\n\t\t\t\t\t\t\t<div class=\"elementor-row\">\n\t\t\t\t\t<div class=\"elementor-column elementor-col-100 elementor-top-column elementor-element elementor-element-b69d664\" data-id=\"b69d664\" data-element_type=\"column\">\n\t\t\t<div class=\"elementor-column-wrap elementor-element-populated\">\n\t\t\t\t\t\t\t<div class=\"elementor-widget-wrap\">\n\t\t\t\t\t\t<div class=\"elementor-element elementor-element-14e2d64 elementor-widget elementor-widget-spacer\" data-id=\"14e2d64\" data-element_type=\"widget\" data-widget_type=\"spacer.default\">\n\t\t\t\t<div class=\"elementor-widget-container\">\n\t\t\t\t\t<div class=\"elementor-spacer\">\n\t\t\t<div class=\"elementor-spacer-inner\"><\/div>\n\t\t<\/div>\n\t\t\t\t<\/div>\n\t\t\t\t<\/div>\n\t\t\t\t<div class=\"elementor-element elementor-element-d543e53 elementor-widget elementor-widget-image\" data-id=\"d543e53\" data-element_type=\"widget\" data-widget_type=\"image.default\">\n\t\t\t\t<div class=\"elementor-widget-container\">\n\t\t\t\t\t\t\t\t<div class=\"elementor-image\">\n\t\t\t\t\t\t\t\t\t\t\t\t<img loading=\"lazy\" decoding=\"async\" width=\"1024\" height=\"576\" src=\"https:\/\/fimatex.pt\/wp-content\/uploads\/2021\/03\/Mapa-Pag-Inicial-1024x576.png\" class=\"attachment-large size-large\" alt=\"\" srcset=\"https:\/\/fimatex.pt\/wp-content\/uploads\/2021\/03\/Mapa-Pag-Inicial-1024x576.png 1024w, https:\/\/fimatex.pt\/wp-content\/uploads\/2021\/03\/Mapa-Pag-Inicial-300x169.png 300w, https:\/\/fimatex.pt\/wp-content\/uploads\/2021\/03\/Mapa-Pag-Inicial-768x432.png 768w, https:\/\/fimatex.pt\/wp-content\/uploads\/2021\/03\/Mapa-Pag-Inicial-1536x864.png 1536w, https:\/\/fimatex.pt\/wp-content\/uploads\/2021\/03\/Mapa-Pag-Inicial-2048x1152.png 2048w\" sizes=\"auto, (max-width: 1024px) 100vw, 1024px\" \/>\t\t\t\t\t\t\t\t\t\t\t\t\t\t<\/div>\n\t\t\t\t\t\t<\/div>\n\t\t\t\t<\/div>\n\t\t\t\t\t\t<\/div>\n\t\t\t\t\t<\/div>\n\t\t<\/div>\n\t\t\t\t\t\t\t\t<\/div>\n\t\t\t\t\t<\/div>\n\t\t<\/section>\n\t\t\t\t<section class=\"elementor-section elementor-top-section elementor-element elementor-element-e3cf87e elementor-section-boxed elementor-section-height-default elementor-section-height-default\" data-id=\"e3cf87e\" data-element_type=\"section\">\n\t\t\t\t\t\t<div class=\"elementor-container elementor-column-gap-default\">\n\t\t\t\t\t\t\t<div class=\"elementor-row\">\n\t\t\t\t\t<div class=\"elementor-column elementor-col-100 elementor-top-column elementor-element elementor-element-9833555\" data-id=\"9833555\" data-element_type=\"column\">\n\t\t\t<div class=\"elementor-column-wrap elementor-element-populated\">\n\t\t\t\t\t\t\t<div class=\"elementor-widget-wrap\">\n\t\t\t\t\t\t<div class=\"elementor-element elementor-element-973e19d elementor-widget elementor-widget-heading\" data-id=\"973e19d\" data-element_type=\"widget\" data-widget_type=\"heading.default\">\n\t\t\t\t<div class=\"elementor-widget-container\">\n\t\t\t<h2 class=\"elementor-heading-title elementor-size-default\">Who We Are<\/h2>\t\t<\/div>\n\t\t\t\t<\/div>\n\t\t\t\t\t\t<\/div>\n\t\t\t\t\t<\/div>\n\t\t<\/div>\n\t\t\t\t\t\t\t\t<\/div>\n\t\t\t\t\t<\/div>\n\t\t<\/section>\n\t\t\t\t<section class=\"elementor-section elementor-top-section elementor-element elementor-element-2d1c545 elementor-section-boxed elementor-section-height-default elementor-section-height-default\" data-id=\"2d1c545\" data-element_type=\"section\">\n\t\t\t\t\t\t<div class=\"elementor-container elementor-column-gap-default\">\n\t\t\t\t\t\t\t<div class=\"elementor-row\">\n\t\t\t\t\t<div class=\"elementor-column elementor-col-50 elementor-top-column elementor-element elementor-element-4a32a68\" data-id=\"4a32a68\" data-element_type=\"column\">\n\t\t\t<div class=\"elementor-column-wrap elementor-element-populated\">\n\t\t\t\t\t\t\t<div class=\"elementor-widget-wrap\">\n\t\t\t\t\t\t<div class=\"elementor-element elementor-element-803bc55 elementor-widget elementor-widget-text-editor\" data-id=\"803bc55\" data-element_type=\"widget\" data-widget_type=\"text-editor.default\">\n\t\t\t\t<div class=\"elementor-widget-container\">\n\t\t\t\t\t\t\t\t<div class=\"elementor-text-editor elementor-clearfix\">\n\t\t\t\t<p>Founded in 1972 by Eng. Eduardo Pinto Loureiro, Fimatex has always been dedicated to the supply of raw materials and machines for the textile sector.<\/p><p>Our group currently exports raw materials to several countries and continents in collaboration with several partners, with a primary focus on the European market.<\/p><p>We sell various types of yarns and raw materials for various industries such as spinning, nonwovens, circular machines, weaving, spandex, hosiery and others.<\/p><p>Regarding industrial equipment, we offer machines that are specially dedicated to the Nonwoven and Recycling sector.<\/p>\t\t\t\t\t<\/div>\n\t\t\t\t\t\t<\/div>\n\t\t\t\t<\/div>\n\t\t\t\t\t\t<\/div>\n\t\t\t\t\t<\/div>\n\t\t<\/div>\n\t\t\t\t<div class=\"elementor-column elementor-col-50 elementor-top-column elementor-element elementor-element-64f55e0\" data-id=\"64f55e0\" data-element_type=\"column\">\n\t\t\t<div class=\"elementor-column-wrap elementor-element-populated\">\n\t\t\t\t\t\t\t<div class=\"elementor-widget-wrap\">\n\t\t\t\t\t\t<div class=\"elementor-element elementor-element-9076511 elementor-widget elementor-widget-image\" data-id=\"9076511\" data-element_type=\"widget\" data-widget_type=\"image.default\">\n\t\t\t\t<div class=\"elementor-widget-container\">\n\t\t\t\t\t\t\t\t<div class=\"elementor-image\">\n\t\t\t\t\t\t\t\t\t\t\t\t<img loading=\"lazy\" decoding=\"async\" width=\"687\" height=\"1024\" src=\"https:\/\/fimatex.pt\/wp-content\/uploads\/2021\/03\/Foto-687x1024.jpg\" class=\"attachment-large size-large\" alt=\"\" srcset=\"https:\/\/fimatex.pt\/wp-content\/uploads\/2021\/03\/Foto-687x1024.jpg 687w, https:\/\/fimatex.pt\/wp-content\/uploads\/2021\/03\/Foto-201x300.jpg 201w, https:\/\/fimatex.pt\/wp-content\/uploads\/2021\/03\/Foto.jpg 738w\" sizes=\"auto, (max-width: 687px) 100vw, 687px\" \/>\t\t\t\t\t\t\t\t\t\t\t\t\t\t<\/div>\n\t\t\t\t\t\t<\/div>\n\t\t\t\t<\/div>\n\t\t\t\t\t\t<\/div>\n\t\t\t\t\t<\/div>\n\t\t<\/div>\n\t\t\t\t\t\t\t\t<\/div>\n\t\t\t\t\t<\/div>\n\t\t<\/section>\n\t\t\t\t\t\t<\/div>\n\t\t\t\t\t\t<\/div>\n\t\t\t\t\t<\/div>","protected":false},"excerpt":{"rendered":"<p>QUEM SOMOS Fundada em 1972 pelo Eng. Eduardo Pinto Loureiro, a Fimatex sempre se dedicou ao fornecimento de mat\u00e9rias-primas e m\u00e1quinas para o sector t\u00eaxtil. O nosso grupo atualmente exporta mat\u00e9rias primas para v\u00e1rios pa\u00edses e continentes em colabora\u00e7\u00e3o com v\u00e1rios parceiros, tendo um foco principal no mercado Europeu. Comercializamos diversos tipos de fios e [&hellip;]<\/p>","protected":false},"author":1,"featured_media":0,"parent":0,"menu_order":0,"comment_status":"closed","ping_status":"closed","template":"elementor_header_footer","meta":{"footnotes":""},"class_list":["post-11","page","type-page","status-publish","hentry"],"_links":{"self":[{"href":"https:\/\/fimatex.pt\/en\/wp-json\/wp\/v2\/pages\/11","targetHints":{"allow":["GET"]}}],"collection":[{"href":"https:\/\/fimatex.pt\/en\/wp-json\/wp\/v2\/pages"}],"about":[{"href":"https:\/\/fimatex.pt\/en\/wp-json\/wp\/v2\/types\/page"}],"author":[{"embeddable":true,"href":"https:\/\/fimatex.pt\/en\/wp-json\/wp\/v2\/users\/1"}],"replies":[{"embeddable":true,"href":"https:\/\/fimatex.pt\/en\/wp-json\/wp\/v2\/comments?post=11"}],"version-history":[{"count":19,"href":"https:\/\/fimatex.pt\/en\/wp-json\/wp\/v2\/pages\/11\/revisions"}],"predecessor-version":[{"id":247,"href":"https:\/\/fimatex.pt\/en\/wp-json\/wp\/v2\/pages\/11\/revisions\/247"}],"wp:attachment":[{"href":"https:\/\/fimatex.pt\/en\/wp-json\/wp\/v2\/media?parent=11"}],"curies":[{"name":"wp","href":"https:\/\/api.w.org\/{rel}","templated":true}]}}